{"id":55,"date":"2015-12-16T22:23:19","date_gmt":"2015-12-16T21:23:19","guid":{"rendered":"http:\/\/www.bergwelt-oberhof.de\/?page_id=55"},"modified":"2025-11-26T06:38:25","modified_gmt":"2025-11-26T05:38:25","slug":"preise","status":"publish","type":"page","link":"https:\/\/www.bergwelt-oberhof.de\/?page_id=55","title":{"rendered":"Preise"},"content":{"rendered":"<hr \/>\n<table style=\"border-color: #000000; width: 76.9654%; height: 975px;\" border=\"1\">\n<tbody>\n<tr style=\"height: 29px;\">\n<td style=\"width: 28.1905%; height: 29px;\">\u00a0<strong>Alpin<\/strong><\/td>\n<td style=\"width: 13.1429%; height: 29px;\"><\/td>\n<td style=\"width: 13.9048%; height: 29px;\"><\/td>\n<td style=\"width: 13.9048%; height: 29px;\"><\/td>\n<td style=\"width: 15.619%; height: 29px;\"><\/td>\n<td style=\"width: 17.5238%; height: 29px;\"><\/td>\n<\/tr>\n<tr style=\"height: 29px;\">\n<td style=\"width: 28.1905%; height: 29px;\">\u00a0Tage<\/td>\n<td style=\"text-align: center; width: 13.1429%; height: 29px;\">1<\/td>\n<td style=\"text-align: center; width: 13.9048%; height: 29px;\">2<\/td>\n<td style=\"text-align: center; width: 13.9048%; height: 29px;\">3<\/td>\n<td style=\"text-align: center; width: 15.619%; height: 29px;\">4<\/td>\n<td style=\"text-align: center; width: 17.5238%; height: 29px;\">5<\/td>\n<\/tr>\n<tr style=\"height: 29px;\">\n<td style=\"width: 28.1905%; height: 29px;\">komplett<\/td>\n<td style=\"text-align: center; width: 13.1429%; height: 29px;\">\u00a025,00 \u20ac<\/td>\n<td style=\"text-align: center; width: 13.9048%; height: 29px;\">\u00a042,00 \u20ac<\/td>\n<td style=\"text-align: center; width: 13.9048%; height: 29px;\">\u00a058,00 \u20ac<\/td>\n<td style=\"text-align: center; width: 15.619%; height: 29px;\">\u00a071,00 \u20ac<\/td>\n<td style=\"text-align: center; width: 17.5238%; height: 29px;\">\u00a083,00 \u20ac<\/td>\n<\/tr>\n<tr style=\"height: 54px;\">\n<td style=\"width: 28.1905%; height: 54px;\">Kinderski komplett<\/td>\n<td style=\"text-align: center; width: 13.1429%; height: 54px;\">\u00a020,00 \u20ac<\/td>\n<td style=\"text-align: center; width: 13.9048%; height: 54px;\">\u00a028,00 \u20ac<\/td>\n<td style=\"text-align: center; width: 13.9048%; height: 54px;\">\u00a036,00 \u20ac<\/td>\n<td style=\"text-align: center; width: 15.619%; height: 54px;\">\u00a043,00 \u20ac<\/td>\n<td style=\"text-align: center; width: 17.5238%; height: 54px;\">\u00a049,00 \u20ac<\/td>\n<\/tr>\n<tr style=\"height: 26px;\">\n<td style=\"width: 28.1905%; height: 26px;\">\n<hr \/>\n<\/td>\n<td style=\"width: 13.1429%; height: 26px;\">\n<hr \/>\n<\/td>\n<td style=\"width: 13.9048%; height: 26px;\">\n<hr \/>\n<\/td>\n<td style=\"width: 13.9048%; height: 26px;\">\n<hr \/>\n<\/td>\n<td style=\"width: 15.619%; height: 26px;\">\n<hr \/>\n<\/td>\n<td style=\"width: 17.5238%; height: 26px;\">\n<hr \/>\n<\/td>\n<\/tr>\n<tr style=\"height: 29px;\">\n<td style=\"width: 28.1905%; height: 29px;\"><strong>Langlauf<\/strong><\/td>\n<td style=\"width: 13.1429%; height: 29px;\"><\/td>\n<td style=\"width: 13.9048%; height: 29px;\"><\/td>\n<td style=\"width: 13.9048%; height: 29px;\"><\/td>\n<td style=\"width: 15.619%; height: 29px;\"><\/td>\n<td style=\"width: 17.5238%; height: 29px;\"><\/td>\n<\/tr>\n<tr style=\"height: 29px;\">\n<td style=\"width: 28.1905%; height: 29px;\">Tage<\/td>\n<td style=\"text-align: center; width: 13.1429%; height: 29px;\">1<\/td>\n<td style=\"text-align: center; width: 13.9048%; height: 29px;\">2<\/td>\n<td style=\"text-align: center; width: 13.9048%; height: 29px;\">3<\/td>\n<td style=\"text-align: center; width: 15.619%; height: 29px;\">4<\/td>\n<td style=\"text-align: center; width: 17.5238%; height: 29px;\">5<\/td>\n<\/tr>\n<tr style=\"height: 29px;\">\n<td style=\"width: 28.1905%; height: 29px;\">Klassik komplett<\/td>\n<td style=\"text-align: center; width: 13.1429%; height: 29px;\">18,00 \u20ac<\/td>\n<td style=\"text-align: center; width: 13.9048%; height: 29px;\">\u00a026,00 \u20ac<\/td>\n<td style=\"text-align: center; width: 13.9048%; height: 29px;\">\u00a036,00 \u20ac<\/td>\n<td style=\"text-align: center; width: 15.619%; height: 29px;\">\u00a044,00 \u20ac<\/td>\n<td style=\"text-align: center; width: 17.5238%; height: 29px;\">\u00a051,00 \u20ac<\/td>\n<\/tr>\n<tr style=\"height: 29px;\">\n<td style=\"width: 28.1905%; height: 29px;\">Skating komplett<\/td>\n<td style=\"text-align: center; width: 13.1429%; height: 29px;\">\u00a025,00 \u20ac<\/td>\n<td style=\"text-align: center; width: 13.9048%; height: 29px;\">\u00a043,00 \u20ac<\/td>\n<td style=\"text-align: center; width: 13.9048%; height: 29px;\">\u00a060,00 \u20ac<\/td>\n<td style=\"text-align: center; width: 15.619%; height: 29px;\">\u00a076,00 \u20ac<\/td>\n<td style=\"text-align: center; width: 17.5238%; height: 29px;\">\u00a090,00 \u20ac<\/td>\n<\/tr>\n<tr style=\"height: 11px;\">\n<td style=\"width: 28.1905%; height: 11px;\">\n<hr \/>\n<\/td>\n<td style=\"width: 13.1429%; height: 11px;\">\n<hr \/>\n<\/td>\n<td style=\"width: 13.9048%; height: 11px;\">\n<hr \/>\n<\/td>\n<td style=\"width: 13.9048%; height: 11px;\">\n<hr \/>\n<\/td>\n<td style=\"width: 15.619%; height: 11px;\">\n<hr \/>\n<\/td>\n<td style=\"width: 17.5238%; height: 11px;\">\n<hr \/>\n<\/td>\n<\/tr>\n<tr style=\"height: 10px;\">\n<td style=\"border-color: #000000; width: 28.1905%; height: 10px;\"><\/td>\n<td style=\"border-color: #000000; width: 13.1429%; height: 10px;\"><\/td>\n<td style=\"border-color: #000000; width: 13.9048%; height: 10px;\"><\/td>\n<td style=\"border-color: #000000; width: 13.9048%; height: 10px;\"><\/td>\n<td style=\"border-color: #000000; width: 15.619%; height: 10px;\"><\/td>\n<td style=\"border-color: #000000; width: 17.5238%; height: 10px;\"><\/td>\n<\/tr>\n<tr style=\"height: 29px;\">\n<td style=\"border-color: #000000; width: 28.1905%; height: 29px;\"><\/td>\n<td style=\"border-color: #000000; text-align: center; width: 13.1429%; height: 29px;\"><\/td>\n<td style=\"border-color: #000000; text-align: center; width: 13.9048%; height: 29px;\"><\/td>\n<td style=\"border-color: #000000; text-align: center; width: 13.9048%; height: 29px;\"><\/td>\n<td style=\"border-color: #000000; text-align: center; width: 15.619%; height: 29px;\"><\/td>\n<td style=\"border-color: #000000; text-align: center; width: 17.5238%; height: 29px;\"><\/td>\n<\/tr>\n<tr style=\"height: 29px;\">\n<td style=\"border-color: #000000; width: 28.1905%; height: 29px;\"><\/td>\n<td style=\"border-color: #000000; text-align: center; width: 13.1429%; height: 29px;\"><\/td>\n<td style=\"border-color: #000000; text-align: center; width: 13.9048%; height: 29px;\"><\/td>\n<td style=\"border-color: #000000; text-align: center; width: 13.9048%; height: 29px;\"><\/td>\n<td style=\"border-color: #000000; text-align: center; width: 15.619%; height: 29px;\"><\/td>\n<td style=\"border-color: #000000; text-align: center; width: 17.5238%; height: 29px;\"><\/td>\n<\/tr>\n<tr style=\"height: 26px;\">\n<td style=\"width: 28.1905%; height: 26px;\">\n<hr \/>\n<\/td>\n<td style=\"width: 13.1429%; height: 26px;\">\n<hr \/>\n<\/td>\n<td style=\"width: 13.9048%; height: 26px;\">\n<hr \/>\n<\/td>\n<td style=\"width: 13.9048%; height: 26px;\">\n<hr \/>\n<\/td>\n<td style=\"width: 15.619%; height: 26px;\">\n<hr \/>\n<\/td>\n<td style=\"width: 17.5238%; height: 26px;\">\n<hr \/>\n<\/td>\n<\/tr>\n<tr style=\"height: 29px;\">\n<td style=\"width: 28.1905%; height: 29px;\">Schlitten<\/td>\n<td style=\"width: 27.0476%; height: 29px;\" colspan=\"2\">\u00a06,00 \u20ac\/Tag<\/td>\n<td style=\"width: 13.9048%; height: 29px;\"><\/td>\n<td style=\"width: 15.619%; height: 29px;\"><\/td>\n<td style=\"width: 17.5238%; height: 29px;\"><\/td>\n<\/tr>\n<tr style=\"height: 54px;\">\n<td style=\"width: 28.1905%; height: 54px;\">Alpin-Schuhe<\/td>\n<td style=\"width: 27.0476%; height: 54px;\" colspan=\"2\">\u00a011,00\u20ac\/Tag<\/td>\n<td style=\"width: 13.9048%; text-align: center; height: 54px;\">LL-Schuhe<\/td>\n<td style=\"width: 15.619%; height: 54px;\">8,00\u20ac\/Tag<\/td>\n<td style=\"width: 17.5238%; height: 54px;\"><\/td>\n<\/tr>\n<tr style=\"height: 29px;\">\n<td style=\"width: 28.1905%; height: 29px;\">St\u00f6cke<\/td>\n<td style=\"width: 27.0476%; height: 29px;\" colspan=\"2\">\u00a07,00 \u20ac\/Tag<\/td>\n<td style=\"width: 13.9048%; height: 29px;\"><\/td>\n<td style=\"width: 15.619%; height: 29px;\"><\/td>\n<td style=\"width: 17.5238%; height: 29px;\"><\/td>\n<\/tr>\n<tr style=\"height: 29px;\">\n<td style=\"width: 28.1905%; height: 29px;\">Helme<\/td>\n<td style=\"width: 27.0476%; height: 29px;\" colspan=\"2\">\u00a06,00 \u20ac\/Tag<\/td>\n<td style=\"width: 13.9048%; height: 29px;\">Kinder<\/td>\n<td style=\"width: 15.619%; height: 29px;\">5,00 \u20ac<\/td>\n<td style=\"width: 17.5238%; height: 29px;\"><\/td>\n<\/tr>\n<tr style=\"height: 29px;\">\n<td style=\"width: 28.1905%; height: 29px;\">Schneeschuhe<\/td>\n<td style=\"width: 27.0476%; height: 29px;\" colspan=\"2\">\u00a09,00 \u20ac\/Tag<\/td>\n<td style=\"width: 13.9048%; height: 29px;\"><\/td>\n<td style=\"width: 15.619%; height: 29px;\"><\/td>\n<td style=\"width: 17.5238%; height: 29px;\"><\/td>\n<\/tr>\n<tr style=\"height: 29px;\">\n<td style=\"width: 28.1905%; height: 29px;\">Big Foot<\/td>\n<td style=\"width: 27.0476%; height: 29px;\" colspan=\"2\">\u00a07,00 \u20ac\/Tag<\/td>\n<td style=\"width: 13.9048%; height: 29px;\"><\/td>\n<td style=\"width: 15.619%; height: 29px;\"><\/td>\n<td style=\"width: 17.5238%; height: 29px;\"><\/td>\n<\/tr>\n<tr style=\"height: 26px;\">\n<td style=\"width: 28.1905%; height: 26px;\">\n<hr \/>\n<\/td>\n<td style=\"width: 13.1429%; height: 26px;\">\n<hr \/>\n<\/td>\n<td style=\"width: 13.9048%; height: 26px;\">\n<hr \/>\n<\/td>\n<td style=\"width: 13.9048%; height: 26px;\">\n<hr \/>\n<\/td>\n<td style=\"width: 15.619%; height: 26px;\">\n<hr \/>\n<\/td>\n<td style=\"width: 17.5238%; height: 26px;\">\n<hr \/>\n<\/td>\n<\/tr>\n<tr style=\"height: 362px;\">\n<td style=\"width: 102.286%; height: 362px;\" colspan=\"6\">\n<p style=\"text-align: center;\">wir empfehlen unsere hauseigene<\/p>\n<p style=\"text-align: center;\"><strong>BRUCHVERSICHERUNG<\/strong><\/p>\n<p style=\"text-align: center;\">in H\u00f6he von<\/p>\n<p style=\"text-align: center;\"><strong>EINMALIG 8,00 EUR<\/strong><\/p>\n<p style=\"text-align: center;\"><strong>je Mietvertrag<\/strong><br \/>\n(egal wie viele Ausr\u00fcstungen bzw. Tage)<br \/>\n<em><span style=\"color: #008000;\">! gilt nur f\u00fcr Sch\u00e4den bei sachgem\u00e4\u00dfer Nutzung !\u00a0<\/span><\/em><\/p>\n<\/td>\n<\/tr>\n<\/tbody>\n<\/table>\n<p><strong>(Auszug)<\/strong><\/p>\n<p class=\"alignnone size-medium wp-image-165\">\n","protected":false},"excerpt":{"rendered":"<p>\u00a0Alpin \u00a0Tage 1 2 3 4 5 komplett \u00a025,00 \u20ac \u00a042,00 \u20ac \u00a058,00 \u20ac \u00a071,00 \u20ac \u00a083,00 \u20ac Kinderski komplett \u00a020,00 \u20ac \u00a028,00 \u20ac \u00a036,00 \u20ac \u00a043,00 \u20ac \u00a049,00 \u20ac Langlauf Tage 1 2 3 4 5 Klassik komplett 18,00 \u20ac \u00a026,00 \u20ac \u00a036,00 \u20ac \u00a044,00 \u20ac \u00a051,00 \u20ac Skating komplett \u00a025,00 \u20ac \u00a043,00 \u20ac [&hellip;]<\/p>\n","protected":false},"author":1,"featured_media":0,"parent":0,"menu_order":5,"comment_status":"closed","ping_status":"open","template":"","meta":[],"_links":{"self":[{"href":"https:\/\/www.bergwelt-oberhof.de\/index.php?rest_route=\/wp\/v2\/pages\/55"}],"collection":[{"href":"https:\/\/www.bergwelt-oberhof.de\/index.php?rest_route=\/wp\/v2\/pages"}],"about":[{"href":"https:\/\/www.bergwelt-oberhof.de\/index.php?rest_route=\/wp\/v2\/types\/page"}],"author":[{"embeddable":true,"href":"https:\/\/www.bergwelt-oberhof.de\/index.php?rest_route=\/wp\/v2\/users\/1"}],"replies":[{"embeddable":true,"href":"https:\/\/www.bergwelt-oberhof.de\/index.php?rest_route=%2Fwp%2Fv2%2Fcomments&post=55"}],"version-history":[{"count":49,"href":"https:\/\/www.bergwelt-oberhof.de\/index.php?rest_route=\/wp\/v2\/pages\/55\/revisions"}],"predecessor-version":[{"id":653,"href":"https:\/\/www.bergwelt-oberhof.de\/index.php?rest_route=\/wp\/v2\/pages\/55\/revisions\/653"}],"wp:attachment":[{"href":"https:\/\/www.bergwelt-oberhof.de\/index.php?rest_route=%2Fwp%2Fv2%2Fmedia&parent=55"}],"curies":[{"name":"wp","href":"https:\/\/api.w.org\/{rel}","templated":true}]}}